{"id":86,"date":"2019-08-12T13:13:40","date_gmt":"2019-08-12T13:13:40","guid":{"rendered":"http:\/\/www.vaniavillalon.com\/?page_id=86"},"modified":"2025-01-15T12:30:02","modified_gmt":"2025-01-15T12:30:02","slug":"bio","status":"publish","type":"page","link":"http:\/\/www.vaniavillalon.com\/?page_id=86","title":{"rendered":"Bio"},"content":{"rendered":"\n<h2 class=\"wp-block-heading has-small-font-size\" style=\"text-transform:none\">Nacida en la Ciudad de M\u00e9xico, hija de madre libanesa y padre mexicano, inicia la carrera como actriz en su pa\u00eds de origen y contin\u00faa su camino art\u00edstico en Espa\u00f1a, donde actualmente reside.\u00a0<\/h2>\n\n\n\n<p class=\"has-small-font-size\">\u201cNueva Tierra\u201d es el m\u00e1s reciente largometraje en el que participa y en el que gracias al personaje que interpreta, ha sido seleccionada para aplicar como candidata a una nominaci\u00f3n como actriz revelaci\u00f3n a los premios Goya.<br><\/p>\n\n\n\n<div class=\"wp-block-group\"><div class=\"wp-block-group__inner-container is-layout-constrained wp-block-group-is-layout-constrained\">\n<p>About me<\/p>\n<\/div><\/div>\n\n\n\n<p class=\"has-small-font-size\">Born in Mexico City, daughter of a Lebanese mother and a Mexican father. She begins her career as an actress in her home country and continues her artistic path in Spain, where she currently based.&nbsp;<\/p>\n\n\n\n<p class=\"has-small-font-size\">\u201cNueva Tierra\u201d is her latest feature film. Thanks to the character she portrays in the story, she has been selected to apply as a candidate for the Best New Actress nominations at the Goya Awards.<\/p>\n\n\n\n<h2 class=\"wp-block-heading\">Filmograf\u00eda \/ Filmography<\/h2>\n\n\n\n<h4 class=\"wp-block-heading\">Cine y TV<\/h4>\n\n\n\n<div class=\"wp-block-group\"><div class=\"wp-block-group__inner-container is-layout-constrained wp-block-group-is-layout-constrained\">\n<ul class=\"wp-block-list\">\n<li><strong>Nueva<\/strong> <strong>Tierra<\/strong> (2024)\/Largometraje\/M\u00eda\/Espa\u00f1a<\/li>\n\n\n\n<li><strong>Deformed Beauty<\/strong> (2023)\/Cortometraje Experimental\/Dancer\/Espa\u00f1a<\/li>\n\n\n\n<li><strong>Servir y Proteger<\/strong> (2020-2021)\/ Serie TV\/ Daniela Moreno\/ RTVE<\/li>\n\n\n\n<li><strong>Untitled<\/strong> (2019) \u00abPiloto Serie\u00bb<\/li>\n\n\n\n<li><strong>Fugitiva<\/strong> (2018)\/Serie de TV\/Carla\/Espa\u00f1a\/Netflix<\/li>\n\n\n\n<li><strong>Spa<\/strong> (2017)\/Cortometraje\/ Sol\/ Espa\u00f1a<\/li>\n\n\n\n<li><strong>This is a dream<\/strong> (2017)\/Cortometraje\/ Espa\u00f1a<\/li>\n\n\n\n<li><strong>La c\u00e1psula<\/strong> (2017)\/Cortometraje\/ 48 Hour Film Project\/ M\u00e9xico<\/li>\n<\/ul>\n<\/div><\/div>\n\n\n\n<h4 class=\"wp-block-heading\">Teatro<\/h4>\n\n\n\n<ul class=\"wp-block-list\">\n<li><strong>Reas<\/strong> (2019). Sala Lagrada. Madrid<\/li>\n\n\n\n<li><strong>Reinas de latinoam\u00e9rica<\/strong> (2017). Microteatro. Madrid<\/li>\n<\/ul>\n\n\n\n<h2 class=\"wp-block-heading\">Estudios \/ Studies<\/h2>\n\n\n\n<h4 class=\"wp-block-heading\">Formaci\u00f3n \/ Studies<\/h4>\n\n\n\n<ul class=\"wp-block-list\">\n<li>M\u00f3dulo Dos\/Tres. Sin Fin. Fernando Piernas. 2023. Espa\u00f1a<\/li>\n\n\n\n<li>M\u00f3dulo&nbsp;Destreza. Fernando Piernas. 2023. Espa\u00f1a<\/li>\n\n\n\n<li>M\u00f3dulo Uno. Fernando Piernas. 2023. Espa\u00f1a<\/li>\n\n\n\n<li>Canto y Solfeo. Escuela Municipal Ma.Dolores Pradera. 2020-2021. Espa\u00f1a<\/li>\n\n\n\n<li>Clase Magistral Frente a la C\u00e1mara. Ofelia Medina. Arte7. 2017. M\u00e9xico<\/li>\n\n\n\n<li>Master in Acting for Theater, Cinema and TV. Programa de Residencia Art\u00edstica TAI.     M\u00f3dulos: English Dialects Applied to Acting and Stage, Personal Branding, Advanced Tools  for Cinema y&nbsp; Entrenamiento Avanzado de Actuaci\u00f3n&nbsp;II. 2017- 2018. Espa\u00f1a<\/li>\n\n\n\n<li> M\u00e1ster Profesional en Actuaci\u00f3n Audiovisual TAI. 2016-2017. Espa\u00f1a<\/li>\n\n\n\n<li> Diplomatura de Teatro y TV. Academia Sergio Jim\u00e9nez. 2011-2013. M\u00e9xico<\/li>\n<\/ul>\n\n\n\n<h3 class=\"wp-block-heading\"><strong>Otra informaci\u00f3n \/ Other info<\/strong><\/h3>\n\n\n\n<ul class=\"wp-block-list\">\n<li>Idiomas: Espa\u00f1ol, Ingl\u00e9s, y Nivel Medio de Italiano<\/li>\n\n\n\n<li>Danza Contempor\u00e1nea&nbsp;<\/li>\n\n\n\n<li>Danza Prehisp\u00e1nica<\/li>\n\n\n\n<li>Ritmos Latinos<\/li>\n\n\n\n<li>Pelea Esc\u00e9nica<\/li>\n\n\n\n<li>Vinyasa Yoga<\/li>\n<\/ul>\n","protected":false},"excerpt":{"rendered":"<p>Nacida en la Ciudad de M\u00e9xico, hija de madre libanesa y padre mexicano, inicia la carrera como actriz en su pa\u00eds de origen y contin\u00faa su camino art\u00edstico en Espa\u00f1a, donde actualmente reside.\u00a0 \u201cNueva Tierra\u201d es el m\u00e1s reciente largometraje en el que participa y en el que gracias al personaje que interpreta, ha sido &hellip; <\/p>\n<p class=\"link-more\"><a href=\"http:\/\/www.vaniavillalon.com\/?page_id=86\" class=\"more-link\">Continuar leyendo<span class=\"screen-reader-text\"> \u00abBio\u00bb<\/span><\/a><\/p>\n","protected":false},"author":1,"featured_media":0,"parent":0,"menu_order":0,"comment_status":"closed","ping_status":"closed","template":"","meta":{"footnotes":""},"class_list":["post-86","page","type-page","status-publish","hentry"],"_links":{"self":[{"href":"http:\/\/www.vaniavillalon.com\/index.php?rest_route=\/wp\/v2\/pages\/86","targetHints":{"allow":["GET"]}}],"collection":[{"href":"http:\/\/www.vaniavillalon.com\/index.php?rest_route=\/wp\/v2\/pages"}],"about":[{"href":"http:\/\/www.vaniavillalon.com\/index.php?rest_route=\/wp\/v2\/types\/page"}],"author":[{"embeddable":true,"href":"http:\/\/www.vaniavillalon.com\/index.php?rest_route=\/wp\/v2\/users\/1"}],"replies":[{"embeddable":true,"href":"http:\/\/www.vaniavillalon.com\/index.php?rest_route=%2Fwp%2Fv2%2Fcomments&post=86"}],"version-history":[{"count":24,"href":"http:\/\/www.vaniavillalon.com\/index.php?rest_route=\/wp\/v2\/pages\/86\/revisions"}],"predecessor-version":[{"id":395,"href":"http:\/\/www.vaniavillalon.com\/index.php?rest_route=\/wp\/v2\/pages\/86\/revisions\/395"}],"wp:attachment":[{"href":"http:\/\/www.vaniavillalon.com\/index.php?rest_route=%2Fwp%2Fv2%2Fmedia&parent=86"}],"curies":[{"name":"wp","href":"https:\/\/api.w.org\/{rel}","templated":true}]}}